{"id":31,"date":"2015-09-12T18:36:52","date_gmt":"2015-09-12T18:36:52","guid":{"rendered":"http:\/\/www.pakareqtamputravel.com\/?page_id=31"},"modified":"2015-09-25T23:45:14","modified_gmt":"2015-09-25T23:45:14","slug":"reservas","status":"publish","type":"page","link":"http:\/\/www.pakareqtamputravel.com\/en\/espanol-reservas\/","title":{"rendered":"Reservations"},"content":{"rendered":"<p><\/p>\n<h2>Reservations<\/h2>\n<div role=\"form\" class=\"wpcf7\" id=\"wpcf7-f278-o2\" lang=\"es-ES\" dir=\"ltr\">\n<div class=\"screen-reader-response\"><\/div>\n<form action=\"\/en\/wp-json\/wp\/v2\/pages\/31#wpcf7-f278-o2\" method=\"post\" class=\"wpcf7-form\" novalidate=\"novalidate\">\n<div style=\"display: none;\">\n<input type=\"hidden\" name=\"_wpcf7\" value=\"278\" \/>\n<input type=\"hidden\" name=\"_wpcf7_version\" value=\"4.2.2\" \/>\n<input type=\"hidden\" name=\"_wpcf7_locale\" value=\"es_ES\" \/>\n<input type=\"hidden\" name=\"_wpcf7_unit_tag\" value=\"wpcf7-f278-o2\" \/>\n<input type=\"hidden\" name=\"_wpnonce\" value=\"340b3828be\" \/>\n<\/div>\n<div class=\"formulario\">\n<div class=\"formuLeft3\">\nNombre:\n<\/div>\n<div class=\"formuLeft2\">\n    <span class=\"wpcf7-form-control-wrap your-name\"><input type=\"text\" name=\"your-name\" value=\"\" size=\"40\" class=\"wpcf7-form-control wpcf7-text wpcf7-validates-as-required\" aria-required=\"true\" aria-invalid=\"false\" \/><\/span>\n<\/div>\n<div class=\"formuLeft3\">\nE-Mail:\n<\/div>\n<div class=\"formuLeft2\">\n    <span class=\"wpcf7-form-control-wrap your-email\"><input type=\"email\" name=\"your-email\" value=\"\" size=\"40\" class=\"wpcf7-form-control wpcf7-text wpcf7-email wpcf7-validates-as-required wpcf7-validates-as-email\" aria-required=\"true\" aria-invalid=\"false\" \/><\/span>\n<\/div>\n<div class=\"formuLeft3\">\nConfirma tu mail:\n<\/div>\n<div class=\"formuLeft2\">\n    <span class=\"wpcf7-form-control-wrap your-email\"><input type=\"email\" name=\"your-email\" value=\"\" size=\"40\" class=\"wpcf7-form-control wpcf7-text wpcf7-email wpcf7-validates-as-required wpcf7-validates-as-email\" aria-required=\"true\" aria-invalid=\"false\" \/><\/span>\n<\/div>\n<div class=\"formuLeft3\">\nPasaporte:\n<\/div>\n<div class=\"formuLeft2\">\n <span class=\"wpcf7-form-control-wrap Pasaporte\"><textarea name=\"Pasaporte\" cols=\"40\" rows=\"10\" class=\"wpcf7-form-control wpcf7-textarea\" aria-invalid=\"false\"><\/textarea><\/span>\n<\/div>\n<div class=\"formuLeft3\">\nDireccion:\n<\/div>\n<div class=\"formuLeft2\">\n    <span class=\"wpcf7-form-control-wrap your-email\"><input type=\"email\" name=\"your-email\" value=\"\" size=\"40\" class=\"wpcf7-form-control wpcf7-text wpcf7-email wpcf7-validates-as-required wpcf7-validates-as-email\" aria-required=\"true\" aria-invalid=\"false\" \/><\/span>\n<\/div>\n<div class=\"formuLeft3\">\nPais:\n<\/div>\n<div class=\"formuLeft2\">\n   <span class=\"wpcf7-form-control-wrap your-email\"><input type=\"email\" name=\"your-email\" value=\"\" size=\"40\" class=\"wpcf7-form-control wpcf7-text wpcf7-email wpcf7-validates-as-required wpcf7-validates-as-email\" aria-required=\"true\" aria-invalid=\"false\" \/><\/span>\n<\/div>\n<div class=\"formuLeft3\">\nTelefono:\n<\/div>\n<div class=\"formuLeft2\">\n    <span class=\"wpcf7-form-control-wrap your-email\"><input type=\"email\" name=\"your-email\" value=\"\" size=\"40\" class=\"wpcf7-form-control wpcf7-text wpcf7-email wpcf7-validates-as-required wpcf7-validates-as-email\" aria-required=\"true\" aria-invalid=\"false\" \/><\/span>\n<\/div>\n<p>Informaci\u00f3n de reserva Por favor seleccione aquellas actividades, caracter\u00edsticas que son interesantes para usted, as\u00ed tambi\u00e9n la duraci\u00f3n en las que quisiera llevarlas a cabo.<\/p>\n<div class=\"formuLeft3\">\nTipo de Servicio:\n<\/div>\n<div class=\"formuLeft2\">\n<span class=\"wpcf7-form-control-wrap Tipo\"><select name=\"Tipo\" class=\"wpcf7-form-control wpcf7-select\" aria-invalid=\"false\"><option value=\"---\">---<\/option><option value=\"Privado\">Privado<\/option><option value=\"Compartido\">Compartido<\/option><\/select><\/span>\n<\/div>\n<div class=\"formuLeft3\">\nFecha de Llegada:\n<\/div>\n<div class=\"formuLeft2\">\n<span class=\"wpcf7-form-control-wrap Fecha\"><select name=\"Fecha\" class=\"wpcf7-form-control wpcf7-select\" aria-invalid=\"false\"><option value=\"-dia-\">-dia-<\/option><option value=\"1\">1<\/option><option value=\"2\">2<\/option><option value=\"3\">3<\/option><option value=\"4\">4<\/option><option value=\"5\">5<\/option><option value=\"6\">6<\/option><option value=\"7\">7<\/option><option value=\"8\">8<\/option><option value=\"9\">9<\/option><option value=\"10\">10<\/option><option value=\"11\">11<\/option><option value=\"12\">12<\/option><option value=\"13\">13<\/option><option value=\"13\">13<\/option><option value=\"14\">14<\/option><option value=\"15\">15<\/option><option value=\"16\">16<\/option><option value=\"17\">17<\/option><option value=\"18\">18<\/option><option value=\"19\">19<\/option><option value=\"20\">20<\/option><option value=\"21\">21<\/option><option value=\"23\">23<\/option><option value=\"24\">24<\/option><option value=\"25\">25<\/option><option value=\"26\">26<\/option><option value=\"27\">27<\/option><option value=\"28\">28<\/option><option value=\"29\">29<\/option><option value=\"30\">30<\/option><option value=\"31\">31<\/option><\/select><\/span><span class=\"wpcf7-form-control-wrap Fecha\"><select name=\"Fecha\" class=\"wpcf7-form-control wpcf7-select\" aria-invalid=\"false\"><option value=\"-mes-\">-mes-<\/option><option value=\"Enero\">Enero<\/option><option value=\"Febrero\">Febrero<\/option><option value=\"Marzo\">Marzo<\/option><option value=\"Abril\">Abril<\/option><option value=\"Mayo\">Mayo<\/option><option value=\"Junio\">Junio<\/option><option value=\"Julio\">Julio<\/option><option value=\"Agosto\">Agosto<\/option><option value=\"Setiembre\">Setiembre<\/option><option value=\"Octubre\">Octubre<\/option><option value=\"Noviembre\">Noviembre<\/option><option value=\"Diciembre\">Diciembre<\/option><\/select><\/span><span class=\"wpcf7-form-control-wrap Fecha\"><select name=\"Fecha\" class=\"wpcf7-form-control wpcf7-select\" aria-invalid=\"false\"><option value=\"-a\u00f1o-\">-a\u00f1o-<\/option><option value=\"2015\">2015<\/option><option value=\"2016\">2016<\/option><option value=\"2017\">2017<\/option><option value=\"2018\">2018<\/option><option value=\"2019\">2019<\/option><option value=\"2020\">2020<\/option><option value=\"2021\">2021<\/option><option value=\"2023\">2023<\/option><option value=\"2024\">2024<\/option><option value=\"2025\">2025<\/option><option value=\"2026\">2026<\/option><\/select><\/span>\n<\/div>\n<div class=\"formuLeft3\">\nTiempo de estadia:\n<\/div>\n<div class=\"formuLeft2\">\n    <span class=\"wpcf7-form-control-wrap your-subject\"><input type=\"text\" name=\"your-subject\" value=\"\" size=\"40\" class=\"wpcf7-form-control wpcf7-text\" aria-invalid=\"false\" \/><\/span>\n<\/div>\n<div class=\"formuLeft3\">\nCategoria de Hotel:\n<\/div>\n<div class=\"formuLeft2\">\n    <span class=\"wpcf7-form-control-wrap Categoria\"><select name=\"Categoria\" class=\"wpcf7-form-control wpcf7-select\" aria-invalid=\"false\"><option value=\"-seleccione-\">-seleccione-<\/option><option value=\"Standard\">Standard<\/option><option value=\"Superior\">Superior<\/option><option value=\"Lujo\">Lujo<\/option><\/select><\/span>\n<\/div>\n<div class=\"formuLeft3\">\nAdultos:<br\/>\n<\/div>\n<div class=\"formuLeft2\">\n    <span class=\"wpcf7-form-control-wrap Adultos\"><select name=\"Adultos\" class=\"wpcf7-form-control wpcf7-select\" aria-invalid=\"false\"><option value=\"---\">---<\/option><option value=\"1\">1<\/option><option value=\"2\">2<\/option><option value=\"3\">3<\/option><option value=\"4\">4<\/option><option value=\"5\">5<\/option><option value=\"6\">6<\/option><option value=\"7\">7<\/option><option value=\"8\">8<\/option><option value=\"9\">9<\/option><option value=\"10\">10<\/option><option value=\"11\">11<\/option><option value=\"12\">12<\/option><option value=\"13\">13<\/option><option value=\"14\">14<\/option><option value=\"15\">15<\/option><\/select><\/span>\n<\/div>\n<div class=\"formuLeft3\">\nNi\u00f1os:<br\/>\n<\/div>\n<div class=\"formuLeft2\">\n     <span class=\"wpcf7-form-control-wrap Ninios\"><select name=\"Ninios\" class=\"wpcf7-form-control wpcf7-select\" aria-invalid=\"false\"><option value=\"---\">---<\/option><option value=\"1\">1<\/option><option value=\"2\">2<\/option><option value=\"3\">3<\/option><option value=\"4\">4<\/option><option value=\"5\">5<\/option><option value=\"6\">6<\/option><option value=\"7\">7<\/option><option value=\"8\">8<\/option><option value=\"9\">9<\/option><option value=\"10\">10<\/option><option value=\"11\">11<\/option><option value=\"12\">12<\/option><option value=\"13\">13<\/option><option value=\"14\">14<\/option><option value=\"15\">15<\/option><\/select><\/span>\n<\/div>\n<div class=\"formuLeft3\">\nEstudiantes<br\/>\n<\/div>\n<div class=\"formuLeft2\">\n    <span class=\"wpcf7-form-control-wrap Ninios\"><select name=\"Ninios\" class=\"wpcf7-form-control wpcf7-select\" aria-invalid=\"false\"><option value=\"---\">---<\/option><option value=\"1\">1<\/option><option value=\"2\">2<\/option><option value=\"3\">3<\/option><option value=\"4\">4<\/option><option value=\"5\">5<\/option><option value=\"6\">6<\/option><option value=\"7\">7<\/option><option value=\"8\">8<\/option><option value=\"9\">9<\/option><option value=\"10\">10<\/option><option value=\"11\">11<\/option><option value=\"12\">12<\/option><option value=\"13\">13<\/option><option value=\"14\">14<\/option><option value=\"15\">15<\/option><\/select><\/span>\n<\/div>\n<div class=\"formuLeft3\">\nRequerimientos Adicionales<br\/>\n<\/div>\n<div class=\"formuLeft2\">\n    <span class=\"wpcf7-form-control-wrap your-message\"><textarea name=\"your-message\" cols=\"40\" rows=\"10\" class=\"wpcf7-form-control wpcf7-textarea\" aria-invalid=\"false\"><\/textarea><\/span>\n<\/div>\n<p>Acepto la condiciones de la reserva <span class=\"wpcf7-form-control-wrap acceptance-616\"><input type=\"checkbox\" name=\"acceptance-616\" value=\"1\" class=\"wpcf7-form-control wpcf7-acceptance\" checked=\"checked\" aria-invalid=\"false\" \/><\/span><\/p>\n<p><input type=\"submit\" value=\"Enviar\" class=\"wpcf7-form-control wpcf7-submit\" \/>\n<\/p><\/div>\n<\/div>\n<div class=\"wpcf7-response-output wpcf7-display-none\"><\/div><\/form><\/div>\n<p><\/p>","protected":false},"excerpt":{"rendered":"<p>Reservations<\/p>\n","protected":false},"author":1,"featured_media":0,"parent":0,"menu_order":0,"comment_status":"open","ping_status":"open","template":"","meta":{"footnotes":""},"_links":{"self":[{"href":"http:\/\/www.pakareqtamputravel.com\/en\/wp-json\/wp\/v2\/pages\/31"}],"collection":[{"href":"http:\/\/www.pakareqtamputravel.com\/en\/wp-json\/wp\/v2\/pages"}],"about":[{"href":"http:\/\/www.pakareqtamputravel.com\/en\/wp-json\/wp\/v2\/types\/page"}],"author":[{"embeddable":true,"href":"http:\/\/www.pakareqtamputravel.com\/en\/wp-json\/wp\/v2\/users\/1"}],"replies":[{"embeddable":true,"href":"http:\/\/www.pakareqtamputravel.com\/en\/wp-json\/wp\/v2\/comments?post=31"}],"version-history":[{"count":11,"href":"http:\/\/www.pakareqtamputravel.com\/en\/wp-json\/wp\/v2\/pages\/31\/revisions"}],"predecessor-version":[{"id":704,"href":"http:\/\/www.pakareqtamputravel.com\/en\/wp-json\/wp\/v2\/pages\/31\/revisions\/704"}],"wp:attachment":[{"href":"http:\/\/www.pakareqtamputravel.com\/en\/wp-json\/wp\/v2\/media?parent=31"}],"curies":[{"name":"wp","href":"https:\/\/api.w.org\/{rel}","templated":true}]}}